{"id":236,"date":"2015-09-08T17:16:26","date_gmt":"2015-09-08T15:16:26","guid":{"rendered":"http:\/\/www.dreiss.de\/en\/?page_id=236"},"modified":"2026-01-08T14:27:33","modified_gmt":"2026-01-08T13:27:33","slug":"legal-notice","status":"publish","type":"page","link":"https:\/\/www.dreiss.de\/en\/legal-notice\/","title":{"rendered":"Legal Notice"},"content":{"rendered":"<p>PATENTANW\u00c4LTE<br \/>\nEUROPEAN PATENT ATTORNEYS<br \/>\nEUROPEAN TRADEMARK ATTORNEYS<\/p>\n<p><strong>DREISS Patentanw\u00e4lte PartG mbB<\/strong><\/p>\n<ul>\n<li>Address:<br \/>\nFriedrichstra\u00dfe 6<br \/>\n70174 Stuttgart<br \/>\nGermany<\/li>\n<li>Postal Address:<br \/>\nPostfach 10 37 62<br \/>\n70032 Stuttgart<br \/>\nGermany<\/li>\n<\/ul>\n<p>Responsible persons (authorized representative partners):<br \/>\nRalf Behrens, Prof. Dr. Alexander Bulling, Lisalotte Burger, Patrick Ell, Georg Friedrich, Dr. Christoph Jocher, Wilhelm Kiefer, Michael Kr\u00f6hnert, Dr. Kilian Kuhn, Angelika Lang\u00f6hrig, Dr. Johannes Maurer, Dr. Andreas Pfund, Dr. David Sinz und Klaus Thielking<\/p>\n<p>Data protection officer: Dr. Rolf-J\u00fcrgen Merath (<a href=\"mailto:datenschutz@dreiss.de\" target=\"_blank\" rel=\"noopener noreferrer\">datenschutz@dreiss.de<\/a>)<\/p>\n<p>Contact:<br \/>\nTelephone: +49 (0) 711- 24 89 38 &#8211; 0<br \/>\nTelefax: +49 (0) 711- 24 89 38 &#8211; 99<br \/>\nE-mail: <a href=\"mailto:email@dreiss.de\" target=\"_blank\" rel=\"noopener noreferrer\">email@dreiss.de<\/a><br \/>\nWeb: <a href=\"https:\/\/www.dreiss.de\/en\/\" target=\"_blank\" rel=\"noopener noreferrer\">https:\/\/www.dreiss.de<\/a><\/p>\n<p>Legal form of the company: limited liability partnership<br \/>\nPartnership registry no. (at the district court of Stuttgart): 720180<br \/>\nSales tax identification no.: DE147507237<\/p>\n<p>Professional liability insurance:<br \/>\nR+V Allgemeine Versicherung AG<br \/>\nTaunusstra\u00dfe 1<br \/>\n65193 Wiesbaden<br \/>\nGermany<\/p>\n<p>Our patent attorneys are members of the Chamber of Patent Attorneys in Munich (Tal 29, 80331 M\u00fcnchen, Germany). This chamber also acts as our supervisory authority.<\/p>\n<p>The following legal professional regulations apply for the practice of our patent attorneys:<\/p>\n<ul>\n<li>Patent Attorneys Act (Patentanwaltsordnung, <a href=\"http:\/\/www.gesetze-im-internet.de\/patanwo\/index.html\" target=\"_blank\" rel=\"noopener noreferrer\">http:\/\/www.gesetze-im-internet.de\/patanwo\/index.html<\/a><\/li>\n<li>Patent Attorneys` Code of Conduct Berufsordnung der Patentanw\u00e4lte,<br \/>\n<a href=\"https:\/\/patentanwalt.de\/en\/patent-attorneys\/professional-code.html\" target=\"_blank\" rel=\"noopener noreferrer\">https:\/\/patentanwalt.de\/en\/patent-attorneys\/professional-code.html<\/a><\/li>\n<li>Code of Conduct of the Institute of Professional Representatives before the European Patent Office <a href=\"https:\/\/patentepi.com\/assets\/uploads\/documents\/institute\/Code%20of%20Conduct%20of%20the%20Institute%20of%20Professional%20Representatives%20.._.pdf\" target=\"_blank\" rel=\"noopener noreferrer\">https:\/\/patentepi.com\/assets\/uploads\/documents\/institute\/Code of Conduct of the Institute of Professional Representatives .._.pdf<\/a><\/li>\n<li>Code of Professional Conduct of the International Federation of Intellectual Property Attorneys <a href=\"http:\/\/www.ficpi.org\/_\/uploads\/gonzo\/Code-of-Professional-Conduct.pdf\" target=\"_blank\" rel=\"noopener noreferrer\">http:\/\/www.ficpi.org\/_\/uploads\/gonzo\/Code-of-Professional-Conduct.pdf<\/a><\/li>\n<\/ul>\n<p>The European Commission provides a platform for online dispute resolution, see <a href=\"https:\/\/www.ec.europa.eu\/consumers\/odr\" target=\"_blank\" rel=\"noopener noreferrer\">https:\/\/www.ec.europa.eu\/consumers\/odr<\/a>.<\/p>\n<p>We are neither willing nor obligated to participate in a dispute resolution procedure at a consumer conciliation committee according to the Act of Consumer Dispute Resolution (Verbraucherstreitbeilegungsgesetz, VSBG).<\/p>\n<hr \/>\n","protected":false},"excerpt":{"rendered":"<p>PATENTANW\u00c4LTE EUROPEAN PATENT ATTORNEYS EUROPEAN TRADEMARK ATTORNEYS DREISS Patentanw\u00e4lte PartG mbB Address: Friedrichstra\u00dfe 6 70174 Stuttgart Germany Postal Address: Postfach 10 37 62 70032 Stuttgart Germany Responsible persons (authorized representative partners): Ralf Behrens, Prof. Dr. Alexander Bulling, Lisalotte Burger, Patrick Ell, Georg Friedrich, Dr. Christoph Jocher, Wilhelm Kiefer, Michael Kr\u00f6hnert, Dr. Kilian Kuhn, Angelika Lang\u00f6hrig,&#8230;<\/p>\n","protected":false},"author":1,"featured_media":845,"parent":0,"menu_order":210,"comment_status":"closed","ping_status":"closed","template":"page_fullwidth.php","meta":{"footnotes":""},"class_list":["post-236","page","type-page","status-publish","has-post-thumbnail","hentry"],"_links":{"self":[{"href":"https:\/\/www.dreiss.de\/en\/wp-json\/wp\/v2\/pages\/236","targetHints":{"allow":["GET"]}}],"collection":[{"href":"https:\/\/www.dreiss.de\/en\/wp-json\/wp\/v2\/pages"}],"about":[{"href":"https:\/\/www.dreiss.de\/en\/wp-json\/wp\/v2\/types\/page"}],"author":[{"embeddable":true,"href":"https:\/\/www.dreiss.de\/en\/wp-json\/wp\/v2\/users\/1"}],"replies":[{"embeddable":true,"href":"https:\/\/www.dreiss.de\/en\/wp-json\/wp\/v2\/comments?post=236"}],"version-history":[{"count":27,"href":"https:\/\/www.dreiss.de\/en\/wp-json\/wp\/v2\/pages\/236\/revisions"}],"predecessor-version":[{"id":3404,"href":"https:\/\/www.dreiss.de\/en\/wp-json\/wp\/v2\/pages\/236\/revisions\/3404"}],"wp:featuredmedia":[{"embeddable":true,"href":"https:\/\/www.dreiss.de\/en\/wp-json\/wp\/v2\/media\/845"}],"wp:attachment":[{"href":"https:\/\/www.dreiss.de\/en\/wp-json\/wp\/v2\/media?parent=236"}],"curies":[{"name":"wp","href":"https:\/\/api.w.org\/{rel}","templated":true}]}}