{"id":234,"date":"2015-09-08T17:14:49","date_gmt":"2015-09-08T15:14:49","guid":{"rendered":"http:\/\/www.dreiss.de\/en\/?page_id=234"},"modified":"2016-06-09T17:02:10","modified_gmt":"2016-06-09T15:02:10","slug":"contact","status":"publish","type":"page","link":"https:\/\/www.dreiss.de\/en\/contact\/","title":{"rendered":"Contact"},"content":{"rendered":"<p><strong>DREISS\u00a0Patentanw\u00e4lte PartG mbB<\/strong><br \/>\nFriedrichstra\u00dfe 6<br \/>\n70174 Stuttgart<\/p>\n<p>Postfach 10 37 62<br \/>\n70032 Stuttgart<\/p>\n<p>Telefon: +49 (0) 711- 24 89 38 &#8211; 0<br \/>\nTelefax: +49 (0) 711- 24 89 38 &#8211; 99<br \/>\nE-Mail: <a class=\"linktext\" href=\"mailto:email@dreiss.de\">email@dreiss.de<\/a><br \/>\nWeb: <a class=\"linktext\" href=\"http:\/\/www.dreiss.de\/\">www.dreiss.de<\/a><\/p>\n<p><strong>How to find us on Google Maps:<\/strong><a class=\"linktext\" href=\"http:\/\/goo.gl\/maps\/s4PMO\" target=\"_blank\"><strong><br \/>\n<\/strong><\/a><a class=\"linktext\" href=\"http:\/\/goo.gl\/maps\/s4PMO\" target=\"_blank\">DREISS\u00a0Patentanw\u00e4lte PartG mbB<\/a><\/p>\n<p><iframe loading=\"lazy\" style=\"border: 0;\" src=\"https:\/\/www.google.com\/maps\/embed?pb=!1m18!1m12!1m3!1d5257.792638600265!2d9.178402057186064!3d48.78386960810615!2m3!1f0!2f0!3f0!3m2!1i1024!2i768!4f13.1!3m3!1m2!1s0x4799c4c937c78e27%3A0x2651df7281896f1d!2sDreiss+Patentanw%C3%A4lte+PartG+mbB!5e0!3m2!1sde!2sde!4v1457601732346\" width=\"1220\" height=\"300\" frameborder=\"0\" allowfullscreen=\"allowfullscreen\"><\/iframe><\/p>\n<h2>Indications<\/h2>\n<div class=\"su-row\">\n<div class=\"su-column su-column-size-1-2\"><div class=\"su-column-inner su-u-clearfix su-u-trim\">\n<p><a href=\"http:\/\/www.dreiss.de\/wp-content\/uploads\/2016\/06\/DREISS-Anfahrtsbeschreibung-A4en.pdf\" target=\"_blank\" rel=\"\">Directions (for printing) can be found here.<\/a><br \/>\nYou can find us in the CITYGATE-building located in Friedrichstra\u00dfe 6, 70174 Stuttgart.<\/p>\n<p><img loading=\"lazy\" decoding=\"async\" class=\"alignnone wp-image-52 size-full\" src=\"http:\/\/www.dreiss.de\/wp-content\/uploads\/2015\/09\/DREISS-Lageplan-1.png\" alt=\"DREISS-Lageplan-1\" width=\"485\" height=\"335\" srcset=\"https:\/\/www.dreiss.de\/wp-content\/uploads\/2015\/09\/DREISS-Lageplan-1.png 485w, https:\/\/www.dreiss.de\/wp-content\/uploads\/2015\/09\/DREISS-Lageplan-1-300x207.png 300w\" sizes=\"auto, (max-width: 485px) 100vw, 485px\" \/><\/div><\/div>\n<div class=\"su-column su-column-size-1-2\"><div class=\"su-column-inner su-u-clearfix su-u-trim\">Just drive to our garage entrance, ring the bell there and we will open the<br \/>\ngateway for you.<\/p>\n<p><img loading=\"lazy\" decoding=\"async\" class=\"alignnone size-full wp-image-54\" src=\"http:\/\/www.dreiss.de\/wp-content\/uploads\/2015\/09\/DREISS-Lageplan-2.png\" alt=\"DREISS-Lageplan-2\" width=\"485\" height=\"335\" srcset=\"https:\/\/www.dreiss.de\/wp-content\/uploads\/2015\/09\/DREISS-Lageplan-2.png 485w, https:\/\/www.dreiss.de\/wp-content\/uploads\/2015\/09\/DREISS-Lageplan-2-300x207.png 300w\" sizes=\"auto, (max-width: 485px) 100vw, 485px\" \/><\/div><\/div>\n<div class=\"su-column su-column-size-1-1\"><div class=\"su-column-inner su-u-clearfix su-u-trim\">\n<p>&nbsp;<\/p>\n<p>Parking is available in our garage. The entrance to the parking garage is located in Kriegsbergstra\u00dfe 11, 70174 Stuttgart, Germany.<br \/>\n<\/div><\/div>\n<\/div>\n<p>&nbsp;<\/p>\n<div class=\"su-column su-column-size-1-1\"><div class=\"su-column-inner su-u-clearfix su-u-trim\">\n<p><strong>You can reach our parking garage as follows:<\/strong><\/p>\n<p><em>Coming from Heilbronner Stra\u00dfe<\/em><\/p>\n<p>Drive straight ahead into Friedrichstra\u00dfe and turn right into Kronenstra\u00dfe. From Kronenstra\u00dfe turn right into Kriegsbergstra\u00dfe. There you will find the parking entrance at the address Kriegsbergstra\u00dfe 11.<\/p>\n<div class=\"su-divider su-divider-style-dotted\" style=\"margin:15px 0;border-width:1px;border-color:#999999\"><\/div>\n<p><em>Coming from Friedrichstra\u00dfe \/ Theodor Heuss Street<\/em><\/p>\n<p>Coming from Friedrichstra\u00dfe turn left Kronenstra\u00dfe. From Kronenstra\u00dfe turn right into Kriegsbergstra\u00dfe. There you will find the parking entrance at the address Kriegsbergstra\u00dfe 11.<\/p>\n<div class=\"su-divider su-divider-style-dotted\" style=\"margin:15px 0;border-width:1px;border-color:#999999\"><\/div>\n<p><em>Coming from Arnulf-Klett-Platz<\/em><\/p>\n<p>Coming from Arnulf-Klett-Platz, turn left into Friedrichstra\u00dfe. Coming from Friedrichstra\u00dfe, turn right into Kronenstra\u00dfe. From Kronenstra\u00dfe turn right into Kriegsbergstra\u00dfe. There you will find the parking entrance at the address Kriegsbergstra\u00dfe 11.<\/p>\n<div class=\"su-divider su-divider-style-dotted\" style=\"margin:15px 0;border-width:1px;border-color:#999999\"><\/div>\n<p><em>Coming from Kriegsbergstra\u00dfe<\/em><\/p>\n<p>You will find the parking entrance at the address Kriegsbergstra\u00dfe 11.<\/div><\/div>\n","protected":false},"excerpt":{"rendered":"<p>DREISS\u00a0Patentanw\u00e4lte PartG mbB Friedrichstra\u00dfe 6 70174 Stuttgart Postfach 10 37 62 70032 Stuttgart Telefon: +49 (0) 711- 24 89 38 &#8211; 0 Telefax: +49 (0) 711- 24 89 38 &#8211; 99 E-Mail: email@dreiss.de Web: www.dreiss.de How to find us on Google Maps: DREISS\u00a0Patentanw\u00e4lte PartG mbB Indications &nbsp;<\/p>\n","protected":false},"author":1,"featured_media":402,"parent":0,"menu_order":70,"comment_status":"closed","ping_status":"closed","template":"page_fullwidth.php","meta":{"footnotes":""},"class_list":["post-234","page","type-page","status-publish","has-post-thumbnail","hentry"],"_links":{"self":[{"href":"https:\/\/www.dreiss.de\/en\/wp-json\/wp\/v2\/pages\/234","targetHints":{"allow":["GET"]}}],"collection":[{"href":"https:\/\/www.dreiss.de\/en\/wp-json\/wp\/v2\/pages"}],"about":[{"href":"https:\/\/www.dreiss.de\/en\/wp-json\/wp\/v2\/types\/page"}],"author":[{"embeddable":true,"href":"https:\/\/www.dreiss.de\/en\/wp-json\/wp\/v2\/users\/1"}],"replies":[{"embeddable":true,"href":"https:\/\/www.dreiss.de\/en\/wp-json\/wp\/v2\/comments?post=234"}],"version-history":[{"count":9,"href":"https:\/\/www.dreiss.de\/en\/wp-json\/wp\/v2\/pages\/234\/revisions"}],"predecessor-version":[{"id":1052,"href":"https:\/\/www.dreiss.de\/en\/wp-json\/wp\/v2\/pages\/234\/revisions\/1052"}],"wp:featuredmedia":[{"embeddable":true,"href":"https:\/\/www.dreiss.de\/en\/wp-json\/wp\/v2\/media\/402"}],"wp:attachment":[{"href":"https:\/\/www.dreiss.de\/en\/wp-json\/wp\/v2\/media?parent=234"}],"curies":[{"name":"wp","href":"https:\/\/api.w.org\/{rel}","templated":true}]}}