{"id":226,"date":"2015-09-08T17:09:55","date_gmt":"2015-09-08T15:09:55","guid":{"rendered":"http:\/\/www.dreiss.de\/en\/?page_id=226"},"modified":"2021-12-29T10:06:09","modified_gmt":"2021-12-29T09:06:09","slug":"publications","status":"publish","type":"page","link":"https:\/\/www.dreiss.de\/en\/law-firm\/publications\/","title":{"rendered":"Publications"},"content":{"rendered":"<p style=\"text-align: justify;\"><div class=\"su-column su-column-size-2-3\"><div class=\"su-column-inner su-u-clearfix su-u-trim\">\n<p><strong><em>Bulling\/Lang\u00f6hrig\/Hellwig\/M\u00fcller:<\/em><\/strong><a href=\"https:\/\/detail.tmall.com\/item.htm?spm=a1z10.3-b.w4011-21680377389.12.74214843b2ztxE&amp;id=618634731622&amp;rn=5968017d30f13bdafcd321cded82db79&amp;abbucket=1\" target=\"_blank\" rel=\"noopener noreferrer\"> \u5916\u89c2\u8bbe\u8ba1\u4fdd\u62a4\uff1a\u5fb7\u56fd\u3001\u6b27\u76df\u3001\u7f8e\u56fd\u3001\u65e5\u672c\u3001\u4e2d\u56fd\u4e0e\u97e9\u56fd\u7684\u6cd5\u89c4\u4e0e\u5b9e\u8df5\uff08\u539f\u4e66\u7b2c4\u7248<\/a>\uff09 (Chinesische Fassung des Werks: Designschutz in Deutschland und Europa mit USA, Japan, China und Korea), erschienen im Intellectual Publishing House Co., Ltd., 2020<\/p>\n<div class=\"su-divider su-divider-style-dotted\" style=\"margin:15px 0;border-width:1px;border-color:#999999\"><\/div>\n<p><strong><em>Bulling<\/em><em>:<\/em><\/strong> Grundlagen des Designrechts, Skript FernUniversit\u00e4t in Hagen, 2019<\/p>\n<div class=\"su-divider su-divider-style-dotted\" style=\"margin:15px 0;border-width:1px;border-color:#999999\"><\/div>\n<p style=\"text-align: justify;\"><em><strong>Bulling\/Lang\u00f6hrig\/Hellwig\/M\u00fcller\/ELL<\/strong><\/em><strong>:\u00a0<\/strong>Designschutz in Deutschland und Europa mit USA, Japan, China und Korea, 5. Auflage, Carl Heymanns Verlag, 2022 (<a href=\"https:\/\/shop.wolterskluwer-online.de\/rechtsgebiete\/wirtschaftsrecht\/marken-patentrecht\/59565000-designschutz.html\" target=\"_blank\" rel=\"noopener\">ISBN 978-3-452-29648-1<\/a>)<\/p>\n<p style=\"text-align: justify;\"><div class=\"su-divider su-divider-style-dotted\" style=\"margin:15px 0;border-width:1px;border-color:#999999\"><\/div>\n<p><em><strong>Bulling,\u00a0<\/strong><\/em><strong>Buchbesprechung:<\/strong>\u00a0Beyerlein, Der Geschmacksmustervertrag einschlie\u00dflich Designrecht, Verlag Recht und Wirtschaft, 2008, in: Mitteilungen der deutschen Patentanw\u00e4lte, 2010, S. 596<\/p>\n<div class=\"su-divider su-divider-style-dotted\" style=\"margin:15px 0;border-width:1px;border-color:#999999\"><\/div>\n<p style=\"text-align: justify;\"><strong><em>Knapp<\/em>,<\/strong> Buchbesprechung: Gr\u00fcnewald, K\u00f6llner, Petersen, Wurzer, Zwirner, Bilanzierung von Patenten, Carl Heymanns Verlag, 2010 in: Mitteilungen der deutschen Patentanw\u00e4lte, 2010, S. 594<\/p>\n<p style=\"text-align: justify;\"><div class=\"su-divider su-divider-style-dotted\" style=\"margin:15px 0;border-width:1px;border-color:#999999\"><\/div>\n<p style=\"text-align: justify;\"><strong><em>Knapp<\/em>,<\/strong> Buchbesprechung: Wurzer\/Reinhard, Handbuch der Patentbewertung, in: Mitteilungen der deutschen Patentanw\u00e4lte, 2010, S. 498<\/p>\n<p style=\"text-align: justify;\"><div class=\"su-divider su-divider-style-dotted\" style=\"margin:15px 0;border-width:1px;border-color:#999999\"><\/div>\n<p style=\"text-align: justify;\"><strong><em>DREISS<\/em>,<\/strong> Ausbildung und Qualifikation, mehr als eine Kostenfrage, Mitteilungen der deutschen Patentanw\u00e4lte, 2010, S. 340<\/p>\n<p style=\"text-align: justify;\"><div class=\"su-divider su-divider-style-dotted\" style=\"margin:15px 0;border-width:1px;border-color:#999999\"><\/div>\n<p style=\"text-align: justify;\"><strong><em>Bulling<\/em>,<\/strong> Modernisierung des Patent- und Designschutzes, in: Juve Handbuch Wirtschaftskanzleien, 2009\/2010, S. 218 &#8211; 219<\/p>\n<p style=\"text-align: justify;\"><div class=\"su-divider su-divider-style-dotted\" style=\"margin:15px 0;border-width:1px;border-color:#999999\"><\/div>\n<p style=\"text-align: justify;\"><strong><em>Bulling<\/em>,<\/strong> Beitritt der Bundesrepublik Deutschland zur Genfer Akte des Haager Musterabkommens, Beendigung der Londoner Akte des Haager Musterabkommens und sonstige aktuelle Themen aus dem Geschmacksmusterrecht, Mitteilungen der deutschen Patentanw\u00e4lte, 2009, S. 498 \u2013 501<\/p>\n<p style=\"text-align: justify;\"><div class=\"su-divider su-divider-style-dotted\" style=\"margin:15px 0;border-width:1px;border-color:#999999\"><\/div>\n<p style=\"text-align: justify;\"><strong><em>W\u00f6rz\/Hahn<\/em>,<\/strong> Buchbesprechung: Huppert\/Cohausz, Das Patentsekreteriat (2. Auflage), in: Mitteilungen der deutschen Patentanw\u00e4lte, 2009, S. 528<\/p>\n<p style=\"text-align: justify;\"><div class=\"su-divider su-divider-style-dotted\" style=\"margin:15px 0;border-width:1px;border-color:#999999\"><\/div>\n<p style=\"text-align: justify;\"><strong><em>Knapp<\/em>,<\/strong> Buchbesprechung: J. Ernstthaler, K. Str\u00fcbbe, Patentbewertung: Ein Praxisleitfaden zum Patentmanagement, Springer Verlag, Berlin, in: Mitteilungen der deutschen Patentanw\u00e4lte, 2009, s. 200<\/p>\n<p style=\"text-align: justify;\"><div class=\"su-divider su-divider-style-dotted\" style=\"margin:15px 0;border-width:1px;border-color:#999999\"><\/div>\n<p style=\"text-align: justify;\"><strong><em>Knapp<\/em>,<\/strong> Patentportfolio \u2013 Werteermittlung und Kreditsicherung, Vortrag, Europatent, Starnberg, 12. Oktober 2009<\/p>\n<p style=\"text-align: justify;\"><div class=\"su-divider su-divider-style-dotted\" style=\"margin:15px 0;border-width:1px;border-color:#999999\"><\/div>\n<p style=\"text-align: justify;\"><strong><i>DREISS<\/i>,<\/strong> L\u00f6st die Europ\u00e4ische Eignungspr\u00fcfung ihre Aufgabe? GRUR Int\u00a02008, S. 639-644<\/p>\n<p style=\"text-align: justify;\"><div class=\"su-divider su-divider-style-dotted\" style=\"margin:15px 0;border-width:1px;border-color:#999999\"><\/div>\n<p style=\"text-align: justify;\"><strong><i>Bulling<\/i>,<\/strong> Hinweise und Anmerkungen zur Punktvergabe im A- und B-Teil, Lehrmaterial zum Vorbereitungskurs auf die Europ\u00e4ische Eignungspr\u00fcfung: Examinatorium Europeum, FernUniversit\u00e4t Hagen, 2008<\/p>\n<p style=\"text-align: justify;\"><div class=\"su-divider su-divider-style-dotted\" style=\"margin:15px 0;border-width:1px;border-color:#999999\"><\/div>\n<p style=\"text-align: justify;\"><strong><i>Bulling<\/i>,<\/strong> Verfahrensrecht nach dem Europ\u00e4ischen Patent\u00fcbereinkommen: Das Anmeldeverfahren, Studienmaterial zum Weiterbildungsstudiengang: Europ\u00e4isches Patentverfahrensrecht, FernUniversit\u00e4t Hagen, 2. Aufl. 2008<\/p>\n<p style=\"text-align: justify;\"><div class=\"su-divider su-divider-style-dotted\" style=\"margin:15px 0;border-width:1px;border-color:#999999\"><\/div>\n<p style=\"text-align: justify;\"><strong><i>Hellwig<\/i>,<\/strong> Anmerkungen zur amtlichen deutschen \u00dcbersetzung der Gemeinschaftsgeschmacksmusterverordnung (GMV),<strong>\u00a0<\/strong>Mitteilungen der deutschen Patentanw\u00e4lte,\u00a02008, S. 544<\/p>\n<p style=\"text-align: justify;\"><div class=\"su-divider su-divider-style-dotted\" style=\"margin:15px 0;border-width:1px;border-color:#999999\"><\/div>\n<p style=\"text-align: justify;\"><strong><i>Bulling<\/i>,<\/strong> Werbung mit unver\u00f6ffentlichten Patentanmeldungen, Mitteilungen der deutschen Patentanw\u00e4lte, Heft 2, 2008, S.60 &#8211; 63<\/p>\n<p style=\"text-align: justify;\"><div class=\"su-divider su-divider-style-dotted\" style=\"margin:15px 0;border-width:1px;border-color:#999999\"><\/div>\n<p style=\"text-align: justify;\"><strong><i>Bulling<\/i>,<\/strong> Beitritt der Europ\u00e4ischen Gemeinschaft zur Genfer Akte des Haager Musterabkommens am 1. Januar 2008, Mitteilungen der deutschen Patentanw\u00e4lte, Heft 12, 2007, S. 553<\/p>\n<p style=\"text-align: justify;\"><div class=\"su-divider su-divider-style-dotted\" style=\"margin:15px 0;border-width:1px;border-color:#999999\"><\/div>\n<p style=\"text-align: justify;\"><strong><em>Lang\u00f6hrig<\/em>,<\/strong> Buchbesprechung: Marx, Deutsches, europ\u00e4isches und internationales Markenrecht, Luchterhand Fachverlag, K\u00f6ln, 2. Auflage, 2007, in: Mitteilungen der deutschen Patentanw\u00e4lte, 2008, S.479<\/p>\n<p style=\"text-align: justify;\"><div class=\"su-divider su-divider-style-dotted\" style=\"margin:15px 0;border-width:1px;border-color:#999999\"><\/div>\n<p style=\"text-align: justify;\"><strong><i>Bulling<\/i>,<\/strong> Urban Design &#8211; Patente, Gebrauchsmuster, Designschutz, Markenrecht, Urheberschutzrechte f\u00fcr Stadtmobiliar, Garten+Landschaft, Heft 08\/2007, S. 43<\/p>\n<p style=\"text-align: justify;\"><div class=\"su-divider su-divider-style-dotted\" style=\"margin:15px 0;border-width:1px;border-color:#999999\"><\/div>\n<p style=\"text-align: justify;\"><strong><i>Bulling<\/i>,<\/strong> Zur Wirkung international eingetragener Muster und zur Nichtigkeit\/L\u00f6schungseinwilligung bei deutschen Geschmacksmustern, Mitteilungen der deutschen Patentanw\u00e4lte, Heft 2, 2007, S. 59 &#8211; 63<\/p>\n<p style=\"text-align: justify;\"><div class=\"su-divider su-divider-style-dotted\" style=\"margin:15px 0;border-width:1px;border-color:#999999\"><\/div>\n<p style=\"text-align: justify;\"><strong><em>Knapp<\/em>,<\/strong> Patent- und Gebrauchsmuster, Vortrag, Forum Institut f\u00fcr Management, Heidelberg, 23. Juli 2007<\/p>\n<p style=\"text-align: justify;\"><div class=\"su-divider su-divider-style-dotted\" style=\"margin:15px 0;border-width:1px;border-color:#999999\"><\/div>\n<p style=\"text-align: justify;\"><strong><i>Bulling<\/i>,<\/strong> Sind britische Erfindungen anders als europ\u00e4ische? &#8211; Die aktuelle Rechtssprechung der EPA-Beschwerdekammern und des britischen Court of Appeal (Civil Division) zu computerimplementierten Erfindungen, Mitteilungen der deutschen Patentanw\u00e4lte, Heft 1, 2007, S. 1 &#8211; 5<\/p>\n<p style=\"text-align: justify;\"><div class=\"su-divider su-divider-style-dotted\" style=\"margin:15px 0;border-width:1px;border-color:#999999\"><\/div>\n<p style=\"text-align: justify;\"><strong><i>Knapp<\/i>,<\/strong> Gewerbliche Schutzrechte als Kreditsicherheit, in: FCH-Sicherheitenkompendium, 2007<\/p>\n<p style=\"text-align: justify;\"><div class=\"su-divider su-divider-style-dotted\" style=\"margin:15px 0;border-width:1px;border-color:#999999\"><\/div>\n<p style=\"text-align: justify;\"><strong><i>Hellwig<\/i>,<\/strong> Buchbesprechung: Markus J.\u00a0Sauerwald, Mind Mapping f\u00fcr Anw\u00e4lte, Carl Heymanns Verlag, 2006, in: Mitteilungen der deutschen Patentanw\u00e4lte, 2007, S. 47<\/p>\n<p style=\"text-align: justify;\"><div class=\"su-divider su-divider-style-dotted\" style=\"margin:15px 0;border-width:1px;border-color:#999999\"><\/div>\n<p style=\"text-align: justify;\"><strong><i>Bulling\/Lang\u00f6hrig\/Hellwig<\/i>,<\/strong> Geschmacksmuster &#8211; Designschutz in Deutschland und Europa, Carl Heymanns Verlag, 2006<\/p>\n<p style=\"text-align: justify;\"><div class=\"su-divider su-divider-style-dotted\" style=\"margin:15px 0;border-width:1px;border-color:#999999\"><\/div>\n<p style=\"text-align: justify;\"><strong><em>Knapp<\/em>,<\/strong> Buchbesprechung: A. Wurzer, D. F. Reinhard, Bewertung technischer Schutzrechte, Carl Heymanns Verlag, K\u00f6ln, in: Mitteilungen der deutschen Patentanw\u00e4lte, 2006, s. 287<\/p>\n<p style=\"text-align: justify;\"><div class=\"su-divider su-divider-style-dotted\" style=\"margin:15px 0;border-width:1px;border-color:#999999\"><\/div>\n<p style=\"text-align: justify;\"><strong><em>Lang\u00f6hrig<\/em>,<\/strong> Buchbesprechung: Sekretaruk, Farben als Marke, Carl Heymanns Verlag KG, K\u00f6ln, 1. Auflage, 2005, in: Mitteilungen der deutschen Patentanw\u00e4lte, 2006, S.287<\/p>\n<p style=\"text-align: justify;\"><div class=\"su-divider su-divider-style-dotted\" style=\"margin:15px 0;border-width:1px;border-color:#999999\"><\/div>\n<p style=\"text-align: justify;\"><strong><i>Bulling<\/i>,<\/strong> Anmerkungen zur Genfer Fassung des Haager Musterabkommens (Geneva Act), Mitteilungen der deutschen Patentanw\u00e4lte, Heft 7, 2005, S. 297 &#8211; 298<\/p>\n<p style=\"text-align: justify;\"><div class=\"su-divider su-divider-style-dotted\" style=\"margin:15px 0;border-width:1px;border-color:#999999\"><\/div>\n<p style=\"text-align: justify;\"><strong><i>Bulling<\/i>,<\/strong> Geschmacksmusterschutz f\u00fcr Reparaturteile: \u00c4nderung der EU-Richtlinie 98\/71\/EG?, Mitteilungen der deutschen Patentanw\u00e4lte, Heft 4, 2005, S. 163 &#8211; 164<\/p>\n<p style=\"text-align: justify;\"><div class=\"su-divider su-divider-style-dotted\" style=\"margin:15px 0;border-width:1px;border-color:#999999\"><\/div>\n<p style=\"text-align: justify;\"><strong><i>DREISS<\/i>,<\/strong> Streitregelungsprotokoll EPLA &#8211; Vision oder Utopie? GRUR Int\u00a02004, 712-716<\/p>\n<p style=\"text-align: justify;\"><div class=\"su-divider su-divider-style-dotted\" style=\"margin:15px 0;border-width:1px;border-color:#999999\"><\/div>\n<p style=\"text-align: justify;\"><strong><i>Bulling<\/i>,<\/strong> Geschmacksmusterschutz im Ausland: Gemeinschaftsgeschmacksmuster und IR-Geschmacksmuster, in: Schutz von Erfindungen und Design, Informationszentrum Patente, Landesgewerbeamt Baden-W\u00fcrttemberg, 2004<\/p>\n<p style=\"text-align: justify;\"><div class=\"su-divider su-divider-style-dotted\" style=\"margin:15px 0;border-width:1px;border-color:#999999\"><\/div>\n<p style=\"text-align: justify;\"><strong><i>Bulling<\/i>,<\/strong> Das neue deutsche Geschmacksmusterrecht mit Anmerkungen zum Gemeinschaftsgeschmacksmuster, Mitteilungen der deutschen Patentanw\u00e4lte, Heft 6, 2004, S. 254-260<\/p>\n<p style=\"text-align: justify;\"><div class=\"su-divider su-divider-style-dotted\" style=\"margin:15px 0;border-width:1px;border-color:#999999\"><\/div>\n<p style=\"text-align: justify;\"><strong><i>Bulling\/Lang\u00f6hrig\/Hellwig<\/i>,<\/strong> The Community Design: A new Right of Design Protection for the European Community, Journal of the Patent &amp; Trademark Office Society\/USA (JPTOS), Issue II\/2004, Page 111 &#8211; 133<\/p>\n<p style=\"text-align: justify;\"><div class=\"su-divider su-divider-style-dotted\" style=\"margin:15px 0;border-width:1px;border-color:#999999\"><\/div>\n<p style=\"text-align: justify;\"><strong><em>Lang\u00f6hrig<\/em>,<\/strong> Buchbesprechung: Ingerl\/Rohnke, Markengesetz, C.H. Beck, M\u00fcnchen, 2. Auflage, 2003, in: Mitteilungen der deutschen Patentanw\u00e4lte, 2004, S.474<\/p>\n<p style=\"text-align: justify;\"><div class=\"su-divider su-divider-style-dotted\" style=\"margin:15px 0;border-width:1px;border-color:#999999\"><\/div>\n<p style=\"text-align: justify;\"><strong><i>Bulling\/Lang\u00f6hrig\/Hellwig<\/i>,<\/strong> Das Gemeinschaftsgeschmacksmuster, Carl Heymanns Verlag, 2003.<\/p>\n<p style=\"text-align: justify;\"><div class=\"su-divider su-divider-style-dotted\" style=\"margin:15px 0;border-width:1px;border-color:#999999\"><\/div>\n<p style=\"text-align: justify;\"><strong><i>DREISS\/Bulling<\/i>,<\/strong> Aufgabe und Zweck im Erteilungs- und Verletzungsverfahren, in: Materielles Patentrecht &#8211; Festschrift f\u00fcr Reimar K\u00f6nig, Carl Heymanns Verlag, 2003<\/p>\n<p style=\"text-align: justify;\"><div class=\"su-divider su-divider-style-dotted\" style=\"margin:15px 0;border-width:1px;border-color:#999999\"><\/div>\n<p style=\"text-align: justify;\"><strong><i>Hellwig<\/i>,<\/strong> Buchbesprechung: Hans-Friedrich\u00a0Loth, Gebrauchsmustergesetz, Verlag C.\u00a0H. Beck, 2001,\u00a0 in: Mitteilungen der deutschen Patentanw\u00e4lte, 2003, S. 143<\/p>\n<p style=\"text-align: justify;\"><div class=\"su-divider su-divider-style-dotted\" style=\"margin:15px 0;border-width:1px;border-color:#999999\"><\/div>\n<p style=\"text-align: justify;\"><strong><i>DREISS<\/i>,<\/strong> Das Studium allgemeinen Rechts als Teil der Patentanwaltsausbildung und das geplante Fortbildungsstudium des Europ\u00e4ischen Patentverfahrensrechts an der FU Hagen &#8211; Das Kurt Haertel Institut, Mitteilungen der deutschen Patentanw\u00e4lte\u00a02002, 477-481<\/p>\n<p style=\"text-align: justify;\"><div class=\"su-divider su-divider-style-dotted\" style=\"margin:15px 0;border-width:1px;border-color:#999999\"><\/div>\n<p style=\"text-align: justify;\"><strong><i>Bulling<\/i>,<\/strong> Patentausschlussrechte in der Werbung, Arno Spitz Verlag Berlin, 2002 (Diss.)<\/p>\n<p style=\"text-align: justify;\"><div class=\"su-divider su-divider-style-dotted\" style=\"margin:15px 0;border-width:1px;border-color:#999999\"><\/div>\n<p style=\"text-align: justify;\"><strong><i>Bulling<\/i>,<\/strong> Ein neues Schutzrecht entsteht &#8211; Das nicht eingetragene Gemeinschaftsgeschmacksmuster, Mitteilungen der deutschen Patentanw\u00e4lte, Heft 4, 2002, S. 170<\/p>\n<p style=\"text-align: justify;\"><div class=\"su-divider su-divider-style-dotted\" style=\"margin:15px 0;border-width:1px;border-color:#999999\"><\/div>\n<p style=\"text-align: justify;\"><strong><i>DREISS\/Bulling<\/i>,<\/strong> Patentanmeldungen in den USA, in: Erfindungen &#8211; Patente: Gewerblicher Rechtsschutz &#8211; Urheberrecht &#8211; Unlauterer Wettbewerb (Internetversion), Informationszentrum Patente, Landesgewerbeamt Baden-W\u00fcrttemberg, 2002<\/p>\n<p style=\"text-align: justify;\"><div class=\"su-divider su-divider-style-dotted\" style=\"margin:15px 0;border-width:1px;border-color:#999999\"><\/div>\n<p style=\"text-align: justify;\"><strong><i>Hellwig<\/i>,<\/strong> Buchbesprechung: J\u00fcrgen\u00a0Schade, Patent-Tabelle, Carl Heymanns Verlag, 8.\u00a0Auflage, in: Mitteilungen der deutschen Patentanw\u00e4lte, 2002, S. 96<\/p>\n<p style=\"text-align: justify;\"><div class=\"su-divider su-divider-style-dotted\" style=\"margin:15px 0;border-width:1px;border-color:#999999\"><\/div>\n<p style=\"text-align: justify;\"><strong><i>DREISS\/Keussen<\/i>,<\/strong> Zur Streitregelung beim Gemeinschaftspatent, GRUR\u00a02001, 891-897<\/p>\n<p style=\"text-align: justify;\"><div class=\"su-divider su-divider-style-dotted\" style=\"margin:15px 0;border-width:1px;border-color:#999999\"><\/div>\n<p style=\"text-align: justify;\"><strong><i>Hellwig<\/i>,<\/strong> Zur \u00c4nderung der Schutzanspr\u00fcche eingetragener Gebrauchsmuster, Mitteilungen der deutschen Patentanw\u00e4lte\u00a02001, 102-109<\/p>\n<p style=\"text-align: justify;\"><div class=\"su-divider su-divider-style-dotted\" style=\"margin:15px 0;border-width:1px;border-color:#999999\"><\/div>\n<p style=\"text-align: justify;\"><strong><i>Bulling\/Lang\u00f6hrig\/Hellwig<\/i>,<\/strong> The Community Design: A new Right of Design Protection for the European Community, Journal of the Japanese Group AIPPI (Japanese Language), Vol. 49, No. 2004, Page 25 -38<\/p>\n<p style=\"text-align: justify;\"><div class=\"su-divider su-divider-style-dotted\" style=\"margin:15px 0;border-width:1px;border-color:#999999\"><\/div>\n<p style=\"text-align: justify;\"><strong><i>DREISS<\/i>,<\/strong> Zehn Gr\u00fcnde f\u00fcr eine Vertretungsbefugnis der Patentanw\u00e4lte in Europa vor einem k\u00fcnftigen Europ\u00e4ischen Patentgericht, Mitteilungen der deutschen Patentanw\u00e4lte\u00a02000, 475-479<\/p>\n<p style=\"text-align: justify;\"><div class=\"su-divider su-divider-style-dotted\" style=\"margin:15px 0;border-width:1px;border-color:#999999\"><\/div>\n<p style=\"text-align: justify;\"><strong><i>DREISS<\/i>,<\/strong><em>\u00a0<\/em>(Mitautor:\u00a0<em>Klaka, R.<\/em>), Das neue Markengesetz: Entstehung und Erl\u00f6schen, Verfahren, Kollision und gerichtliche Durchsetzung, Deutscher Anwaltsverlag, 1995<\/p>\n<p style=\"text-align: justify;\"><div class=\"su-divider su-divider-style-dotted\" style=\"margin:15px 0;border-width:1px;border-color:#999999\"><\/div>\n<p style=\"text-align: justify;\"><strong><i>DREISS<\/i>,<\/strong> Das neue Markenrecht, Mitteilungen der deutschen Patentanw\u00e4lte\u00a01995, 1-21<\/p>\n<p style=\"text-align: justify;\"><div class=\"su-divider su-divider-style-dotted\" style=\"margin:15px 0;border-width:1px;border-color:#999999\"><\/div>\n<p style=\"text-align: justify;\"><strong><i>DREISS<\/i>,<\/strong> Stellungnahme der Patentanwaltskammer, Mitteilungen der deutschen Patentanw\u00e4lte\u00a01995, 263-267<\/p>\n<p style=\"text-align: justify;\"><div class=\"su-divider su-divider-style-dotted\" style=\"margin:15px 0;border-width:1px;border-color:#999999\"><\/div>\n<p style=\"text-align: justify;\"><strong><em>Steimle<\/em>,<\/strong> Technische Schutzrechte in Japan, in: Gewerbliche Schutzrechte Urheberrecht Unlauterer Wettbewerb, Landesgewerbeamt Baden-W\u00fcrttemberg, 1995<\/p>\n<p style=\"text-align: justify;\"><div class=\"su-divider su-divider-style-dotted\" style=\"margin:15px 0;border-width:1px;border-color:#999999\"><\/div>\n<p style=\"text-align: justify;\"><strong><i>DREISS<\/i>,<\/strong> Der Durchschnittsfachmann als Ma\u00dfstab f\u00fcr ausreichende Offenbarung, Patentf\u00e4higkeit und Patentauslegung, GRUR\u00a01994, 781-791<\/p>\n<p style=\"text-align: justify;\"><div class=\"su-divider su-divider-style-dotted\" style=\"margin:15px 0;border-width:1px;border-color:#999999\"><\/div>\n<p style=\"text-align: justify;\"><strong><i>DREISS\/Wittenzellner<\/i>,<\/strong> F\u00fcr die Patentanwaltschaft wichtige EG-Gesetze und \u2013Gesetzesvorhaben, Mitteilungen der deutschen Patentanw\u00e4lte\u00a01993, 121-132<\/p>\n<p style=\"text-align: justify;\"><div class=\"su-divider su-divider-style-dotted\" style=\"margin:15px 0;border-width:1px;border-color:#999999\"><\/div>\n<p style=\"text-align: justify;\"><strong><i>DREISS<\/i>,<\/strong> Die verbesserte Ausbildung der Patentanwaltskandidaten, Mitteilungen der deutschen Patentanw\u00e4lte\u00a01993, 279-280<\/p>\n<p style=\"text-align: justify;\"><div class=\"su-divider su-divider-style-dotted\" style=\"margin:15px 0;border-width:1px;border-color:#999999\"><\/div>\n<p style=\"text-align: justify;\"><strong><i>DREISS<\/i>,<\/strong> Die Stellung des Patentanwalts vor dem &#8220;Gemeinsamen Berufungsgericht&#8221; nach dem Streitregelungsprotokoll zum Gemeinschaftspatent\u00fcbereinkommen, Mitteilungen der deutschen Patentanw\u00e4lte\u00a01992, 108-111<\/p>\n<p style=\"text-align: justify;\"><div class=\"su-divider su-divider-style-dotted\" style=\"margin:15px 0;border-width:1px;border-color:#999999\"><\/div>\n<p style=\"text-align: justify;\"><strong><i>DREISS<\/i>,<\/strong> Beachtung des PCTAO Regel 11 (Einheitlichkeit) bei internationaler Recherche, Mitteilungen der deutschen Patentanw\u00e4lte\u00a01991, 163-164<\/p>\n<p style=\"text-align: justify;\"><div class=\"su-divider su-divider-style-dotted\" style=\"margin:15px 0;border-width:1px;border-color:#999999\"><\/div>\n<p style=\"text-align: justify;\"><strong><i>DREISS<\/i>,<\/strong> Programmdiebstahl und Urheberrecht, GRUR Int\u00a01989, 219-220<\/p>\n<p style=\"text-align: justify;\"><div class=\"su-divider su-divider-style-dotted\" style=\"margin:15px 0;border-width:1px;border-color:#999999\"><\/div>\n<p style=\"text-align: justify;\"><strong><i>DREISS<\/i>,<\/strong> Einkommensteuerliche Behandlung der freien Erfinder, Mitteilungen der deutschen Patentanw\u00e4lte\u00a01984, 15-16<\/p>\n<p style=\"text-align: justify;\"><div class=\"su-divider su-divider-style-dotted\" style=\"margin:15px 0;border-width:1px;border-color:#999999\"><\/div>\n<p style=\"text-align: justify;\"><strong><i>DREISS<\/i>,<\/strong> Chinas neue Wirtschaftsstrategie, Mitteilungen der deutschen Patentanw\u00e4lte\u00a01980, 227-227<\/p>\n<p style=\"text-align: justify;\"><div class=\"su-divider su-divider-style-dotted\" style=\"margin:15px 0;border-width:1px;border-color:#999999\"><\/div>\n<p style=\"text-align: justify;\"><strong><i>DREISS<\/i><\/strong>\u00a0(Mitautor), Europ\u00e4isches Patentrecht (EP\u00dc),\u00a0 Praxis des Europ\u00e4ischen Patent\u00fcbereinkommens, herausgegeben von der Patentanwaltskammer, Carl Heymanns Verlag, 1. Auflage 1977, 2. Auflage 1979<\/p>\n<p style=\"text-align: justify;\"><div class=\"su-divider su-divider-style-dotted\" style=\"margin:15px 0;border-width:1px;border-color:#999999\"><\/div>\n<p style=\"text-align: justify;\"><strong><i>DREISS<\/i>,<\/strong> Patentanspr\u00fcche und Schutzbereich, Mitteilungen der deutschen Patentanw\u00e4lte\u00a01977, 221-227<\/p>\n<p style=\"text-align: justify;\"><div class=\"su-divider su-divider-style-dotted\" style=\"margin:15px 0;border-width:1px;border-color:#999999\"><\/div>\n<p style=\"text-align: justify;\"><strong><i>DREISS<\/i>,<\/strong> Neue Entwicklungen im EG-Kartellrecht, Mitteilungen der deutschen Patentanw\u00e4lte\u00a01977, 128-130<\/p>\n<p style=\"text-align: justify;\"><div class=\"su-divider su-divider-style-dotted\" style=\"margin:15px 0;border-width:1px;border-color:#999999\"><\/div>\n<p style=\"text-align: justify;\"><strong><i>DREISS<\/i>,<\/strong> Die kartellrechtliche Beurteilung von Lizenzvertragssystemen im amerikanischen und deutschen Recht, Band 26 der Schriftenreihe des Max-Planck-Instituts f\u00fcr ausl\u00e4ndisches und internationales Patent- Urheber- und Wettbewerbsrecht, Carl Heymanns Verlag, 1971<\/p>\n<p style=\"text-align: justify;\"><\/div><\/div>\n","protected":false},"excerpt":{"rendered":"","protected":false},"author":1,"featured_media":400,"parent":632,"menu_order":30,"comment_status":"closed","ping_status":"closed","template":"page_fullwidth.php","meta":{"footnotes":""},"class_list":["post-226","page","type-page","status-publish","has-post-thumbnail","hentry"],"_links":{"self":[{"href":"https:\/\/www.dreiss.de\/en\/wp-json\/wp\/v2\/pages\/226","targetHints":{"allow":["GET"]}}],"collection":[{"href":"https:\/\/www.dreiss.de\/en\/wp-json\/wp\/v2\/pages"}],"about":[{"href":"https:\/\/www.dreiss.de\/en\/wp-json\/wp\/v2\/types\/page"}],"author":[{"embeddable":true,"href":"https:\/\/www.dreiss.de\/en\/wp-json\/wp\/v2\/users\/1"}],"replies":[{"embeddable":true,"href":"https:\/\/www.dreiss.de\/en\/wp-json\/wp\/v2\/comments?post=226"}],"version-history":[{"count":8,"href":"https:\/\/www.dreiss.de\/en\/wp-json\/wp\/v2\/pages\/226\/revisions"}],"predecessor-version":[{"id":2661,"href":"https:\/\/www.dreiss.de\/en\/wp-json\/wp\/v2\/pages\/226\/revisions\/2661"}],"up":[{"embeddable":true,"href":"https:\/\/www.dreiss.de\/en\/wp-json\/wp\/v2\/pages\/632"}],"wp:featuredmedia":[{"embeddable":true,"href":"https:\/\/www.dreiss.de\/en\/wp-json\/wp\/v2\/media\/400"}],"wp:attachment":[{"href":"https:\/\/www.dreiss.de\/en\/wp-json\/wp\/v2\/media?parent=226"}],"curies":[{"name":"wp","href":"https:\/\/api.w.org\/{rel}","templated":true}]}}